{"id":1935,"date":"2018-06-11T22:41:34","date_gmt":"2018-06-11T20:41:34","guid":{"rendered":"http:\/\/www.ferticent.com\/?page_id=1935"},"modified":"2018-08-01T10:11:26","modified_gmt":"2018-08-01T08:11:26","slug":"privacy-policy","status":"publish","type":"page","link":"https:\/\/ferticent.com\/de\/privacy-policy\/","title":{"rendered":"Datenschutz-Bestimmungen"},"content":{"rendered":"<p>Unsere Dienstleistungen werden f\u00fcr internationale Kunden angeboten und unsere universelle Sprache ist Englisch. Unsere Datenschutzrichtlinie ist daher in der folgenden Sprache verf\u00fcgbar (klicken Sie hier, um zu lesen): <strong style=\"font-weight: bold;\"><a href=\"http:\/\/www.ferticent.com\/en\/privacy-policy\">Englisch<\/a><\/strong>. F\u00fcr jede Frage schreiben Sie uns bitte an: <strong style=\"font-weight: bold;\"><a href=\"mailto:reception@ferticent.com\">reception@ferticent.com<\/a><\/strong>.<\/p>","protected":false},"excerpt":{"rendered":"<p>Unsere Dienstleistungen werden f\u00fcr internationale Kunden angeboten und unsere universelle Sprache ist Englisch. Unsere Datenschutzrichtlinie ist daher in der folgenden Sprache verf\u00fcgbar (klicken Sie hier, um zu lesen): Englisch. F\u00fcr jede Frage schreiben Sie uns bitte an: reception@ferticent.com.<\/p>\n","protected":false},"author":1,"featured_media":0,"parent":0,"menu_order":0,"comment_status":"closed","ping_status":"closed","template":"","meta":[],"yoast_head":"<!-- This site is optimized with the Yoast SEO plugin v20.4 - https:\/\/yoast.com\/wordpress\/plugins\/seo\/ -->\n<title>Datenschutz-Bestimmungen - Ferticent Bratislava<\/title>\n<meta name=\"robots\" content=\"index, follow, max-snippet:-1, max-image-preview:large, max-video-preview:-1\" \/>\n<link rel=\"canonical\" href=\"https:\/\/ferticent.com\/privacy-policy\/\" \/>\n<meta property=\"og:locale\" content=\"de_DE\" \/>\n<meta property=\"og:type\" content=\"article\" \/>\n<meta property=\"og:title\" content=\"[:sk]Z\u00e1sady spracovania osobn\u00fdch \u00fadajov[:de]Datenschutz-Bestimmungen[:en]Privacy Policy[:hu]Adatv\u00e9delmi ir\u00e1nyelvek[:] - Ferticent Bratislava\" \/>\n<meta property=\"og:description\" content=\"Unsere Dienstleistungen werden f\u00fcr internationale Kunden angeboten und unsere universelle Sprache ist Englisch. Unsere Datenschutzrichtlinie ist daher in der folgenden Sprache verf\u00fcgbar (klicken Sie hier, um zu lesen): Englisch. F\u00fcr jede Frage schreiben Sie uns bitte an: reception@ferticent.com.\" \/>\n<meta property=\"og:url\" content=\"https:\/\/ferticent.com\/privacy-policy\/\" \/>\n<meta property=\"og:site_name\" content=\"Ferticent Bratislava\" \/>\n<meta property=\"article:publisher\" content=\"https:\/\/www.facebook.com\/ferticentbratislava\" \/>\n<meta property=\"article:modified_time\" content=\"2018-08-01T08:11:26+00:00\" \/>\n<meta property=\"og:image\" content=\"https:\/\/ferticent.com\/wp-content\/uploads\/2026\/02\/logo.png\" \/>\n\t<meta property=\"og:image:width\" content=\"158\" \/>\n\t<meta property=\"og:image:height\" content=\"50\" \/>\n\t<meta property=\"og:image:type\" content=\"image\/png\" \/>\n<meta name=\"twitter:card\" content=\"summary_large_image\" \/>\n<meta name=\"twitter:label1\" content=\"Gesch\u00e4tzte Lesezeit\" \/>\n\t<meta name=\"twitter:data1\" content=\"19 Minuten\" \/>\n<script type=\"application\/ld+json\" class=\"yoast-schema-graph\">{\"@context\":\"https:\/\/schema.org\",\"@graph\":[{\"@type\":\"WebPage\",\"@id\":\"https:\/\/ferticent.com\/privacy-policy\/\",\"url\":\"https:\/\/ferticent.com\/privacy-policy\/\",\"name\":\"[:sk]Z\u00e1sady spracovania osobn\u00fdch \u00fadajov[:de]Datenschutz-Bestimmungen[:en]Privacy Policy[:hu]Adatv\u00e9delmi ir\u00e1nyelvek[:] - Ferticent Bratislava\",\"isPartOf\":{\"@id\":\"https:\/\/ferticent.com\/#website\"},\"datePublished\":\"2018-06-11T20:41:34+00:00\",\"dateModified\":\"2018-08-01T08:11:26+00:00\",\"breadcrumb\":{\"@id\":\"https:\/\/ferticent.com\/privacy-policy\/#breadcrumb\"},\"inLanguage\":\"de-DE\",\"potentialAction\":[{\"@type\":\"ReadAction\",\"target\":[\"https:\/\/ferticent.com\/privacy-policy\/\"]}]},{\"@type\":\"BreadcrumbList\",\"@id\":\"https:\/\/ferticent.com\/privacy-policy\/#breadcrumb\",\"itemListElement\":[{\"@type\":\"ListItem\",\"position\":1,\"name\":\"Domovsk\u00e1 str\u00e1nka\",\"item\":\"https:\/\/ferticent.com\/\"},{\"@type\":\"ListItem\",\"position\":2,\"name\":\"Z\u00e1sady spracovania osobn\u00fdch \u00fadajov\"}]},{\"@type\":\"WebSite\",\"@id\":\"https:\/\/ferticent.com\/#website\",\"url\":\"https:\/\/ferticent.com\/\",\"name\":\"Ferticent Bratislava\",\"description\":\"Ferticent s.r.o. je Centrum Asistovanej Reprodukcie v Bratislave, p\u00f4sobiace od roku 2004.\",\"publisher\":{\"@id\":\"https:\/\/ferticent.com\/#organization\"},\"potentialAction\":[{\"@type\":\"SearchAction\",\"target\":{\"@type\":\"EntryPoint\",\"urlTemplate\":\"https:\/\/ferticent.com\/?s={search_term_string}\"},\"query-input\":\"required name=search_term_string\"}],\"inLanguage\":\"de-DE\"},{\"@type\":\"Organization\",\"@id\":\"https:\/\/ferticent.com\/#organization\",\"name\":\"Ferticent s.r.o.\",\"url\":\"https:\/\/ferticent.com\/\",\"logo\":{\"@type\":\"ImageObject\",\"inLanguage\":\"de-DE\",\"@id\":\"https:\/\/ferticent.com\/#\/schema\/logo\/image\/\",\"url\":\"https:\/\/ferticent.com\/wp-content\/uploads\/2026\/02\/cropped-logo-1-1.png\",\"contentUrl\":\"https:\/\/ferticent.com\/wp-content\/uploads\/2026\/02\/cropped-logo-1-1.png\",\"width\":150,\"height\":150,\"caption\":\"Ferticent s.r.o.\"},\"image\":{\"@id\":\"https:\/\/ferticent.com\/#\/schema\/logo\/image\/\"},\"sameAs\":[\"https:\/\/www.facebook.com\/ferticentbratislava\"]}]}<\/script>\n<!-- \/ Yoast SEO plugin. -->","yoast_head_json":{"title":"[:sk]Z\u00e1sady spracovania osobn\u00fdch \u00fadajov[:de]Datenschutz-Bestimmungen[:en]Privacy Policy[:hu]Adatv\u00e9delmi ir\u00e1nyelvek[:] - Ferticent Bratislava","robots":{"index":"index","follow":"follow","max-snippet":"max-snippet:-1","max-image-preview":"max-image-preview:large","max-video-preview":"max-video-preview:-1"},"canonical":"https:\/\/ferticent.com\/privacy-policy\/","og_locale":"de_DE","og_type":"article","og_title":"[:sk]Z\u00e1sady spracovania osobn\u00fdch \u00fadajov[:de]Datenschutz-Bestimmungen[:en]Privacy Policy[:hu]Adatv\u00e9delmi ir\u00e1nyelvek[:] - Ferticent Bratislava","og_description":"Unsere Dienstleistungen werden f\u00fcr internationale Kunden angeboten und unsere universelle Sprache ist Englisch. Unsere Datenschutzrichtlinie ist daher in der folgenden Sprache verf\u00fcgbar (klicken Sie hier, um zu lesen): Englisch. F\u00fcr jede Frage schreiben Sie uns bitte an: reception@ferticent.com.","og_url":"https:\/\/ferticent.com\/privacy-policy\/","og_site_name":"Ferticent Bratislava","article_publisher":"https:\/\/www.facebook.com\/ferticentbratislava","article_modified_time":"2018-08-01T08:11:26+00:00","og_image":[{"width":158,"height":50,"url":"https:\/\/ferticent.com\/wp-content\/uploads\/2026\/02\/logo.png","type":"image\/png"}],"twitter_card":"summary_large_image","twitter_misc":{"Gesch\u00e4tzte Lesezeit":"19 Minuten"},"schema":{"@context":"https:\/\/schema.org","@graph":[{"@type":"WebPage","@id":"https:\/\/ferticent.com\/privacy-policy\/","url":"https:\/\/ferticent.com\/privacy-policy\/","name":"[:sk]Z\u00e1sady spracovania osobn\u00fdch \u00fadajov[:de]Datenschutz-Bestimmungen[:en]Privacy Policy[:hu]Adatv\u00e9delmi ir\u00e1nyelvek[:] - Ferticent Bratislava","isPartOf":{"@id":"https:\/\/ferticent.com\/#website"},"datePublished":"2018-06-11T20:41:34+00:00","dateModified":"2018-08-01T08:11:26+00:00","breadcrumb":{"@id":"https:\/\/ferticent.com\/privacy-policy\/#breadcrumb"},"inLanguage":"de-DE","potentialAction":[{"@type":"ReadAction","target":["https:\/\/ferticent.com\/privacy-policy\/"]}]},{"@type":"BreadcrumbList","@id":"https:\/\/ferticent.com\/privacy-policy\/#breadcrumb","itemListElement":[{"@type":"ListItem","position":1,"name":"Domovsk\u00e1 str\u00e1nka","item":"https:\/\/ferticent.com\/"},{"@type":"ListItem","position":2,"name":"Z\u00e1sady spracovania osobn\u00fdch \u00fadajov"}]},{"@type":"WebSite","@id":"https:\/\/ferticent.com\/#website","url":"https:\/\/ferticent.com\/","name":"Ferticent Bratislava","description":"Ferticent s.r.o. je Centrum Asistovanej Reprodukcie v Bratislave, p\u00f4sobiace od roku 2004.","publisher":{"@id":"https:\/\/ferticent.com\/#organization"},"potentialAction":[{"@type":"SearchAction","target":{"@type":"EntryPoint","urlTemplate":"https:\/\/ferticent.com\/?s={search_term_string}"},"query-input":"required name=search_term_string"}],"inLanguage":"de-DE"},{"@type":"Organization","@id":"https:\/\/ferticent.com\/#organization","name":"Ferticent s.r.o.","url":"https:\/\/ferticent.com\/","logo":{"@type":"ImageObject","inLanguage":"de-DE","@id":"https:\/\/ferticent.com\/#\/schema\/logo\/image\/","url":"https:\/\/ferticent.com\/wp-content\/uploads\/2026\/02\/cropped-logo-1-1.png","contentUrl":"https:\/\/ferticent.com\/wp-content\/uploads\/2026\/02\/cropped-logo-1-1.png","width":150,"height":150,"caption":"Ferticent s.r.o."},"image":{"@id":"https:\/\/ferticent.com\/#\/schema\/logo\/image\/"},"sameAs":["https:\/\/www.facebook.com\/ferticentbratislava"]}]}},"_links":{"self":[{"href":"https:\/\/ferticent.com\/de\/wp-json\/wp\/v2\/pages\/1935"}],"collection":[{"href":"https:\/\/ferticent.com\/de\/wp-json\/wp\/v2\/pages"}],"about":[{"href":"https:\/\/ferticent.com\/de\/wp-json\/wp\/v2\/types\/page"}],"author":[{"embeddable":true,"href":"https:\/\/ferticent.com\/de\/wp-json\/wp\/v2\/users\/1"}],"replies":[{"embeddable":true,"href":"https:\/\/ferticent.com\/de\/wp-json\/wp\/v2\/comments?post=1935"}],"version-history":[{"count":9,"href":"https:\/\/ferticent.com\/de\/wp-json\/wp\/v2\/pages\/1935\/revisions"}],"predecessor-version":[{"id":1978,"href":"https:\/\/ferticent.com\/de\/wp-json\/wp\/v2\/pages\/1935\/revisions\/1978"}],"wp:attachment":[{"href":"https:\/\/ferticent.com\/de\/wp-json\/wp\/v2\/media?parent=1935"}],"curies":[{"name":"wp","href":"https:\/\/api.w.org\/{rel}","templated":true}]}}