{"id":2,"date":"2017-05-19T16:15:42","date_gmt":"2017-05-19T16:15:42","guid":{"rendered":"http:\/\/ferticent.forma.sk\/?page_id=2"},"modified":"2026-02-18T22:03:41","modified_gmt":"2026-02-18T20:03:41","slug":"asistovana-reprodukcia","status":"publish","type":"page","link":"https:\/\/ferticent.com\/de\/","title":{"rendered":"Ferticent Bratislava (DE)"},"content":{"rendered":"<p><\/p>\n<p><img decoding=\"async\" loading=\"lazy\" class=\"inside alignnone wp-image-2761 size-medium\" style=\"margin: 10px;\" src=\"https:\/\/ferticent.com\/wp-content\/uploads\/2026\/02\/\u043a\u0430\u0440\u0442\u04381-200x300.jpg\" alt=\"\" width=\"200\" height=\"300\" srcset=\"https:\/\/ferticent.com\/wp-content\/uploads\/2026\/02\/\u043a\u0430\u0440\u0442\u04381-200x300.jpg 200w, https:\/\/ferticent.com\/wp-content\/uploads\/2026\/02\/\u043a\u0430\u0440\u0442\u04381-683x1024.jpg 683w, https:\/\/ferticent.com\/wp-content\/uploads\/2026\/02\/\u043a\u0430\u0440\u0442\u04381-768x1152.jpg 768w, https:\/\/ferticent.com\/wp-content\/uploads\/2026\/02\/\u043a\u0430\u0440\u0442\u04381-1024x1536.jpg 1024w, https:\/\/ferticent.com\/wp-content\/uploads\/2026\/02\/\u043a\u0430\u0440\u0442\u04381-1365x2048.jpg 1365w, https:\/\/ferticent.com\/wp-content\/uploads\/2026\/02\/\u043a\u0430\u0440\u0442\u04381-393x590.jpg 393w, https:\/\/ferticent.com\/wp-content\/uploads\/2026\/02\/\u043a\u0430\u0440\u0442\u04381-scaled.jpg 1707w\" sizes=\"(max-width: 200px) 100vw, 200px\" \/><\/p>\n<p><strong>Nedar\u00ed sa V\u00e1m otehotnie\u0165?<\/strong><\/p>\n<p><strong>Nav\u0161t\u00edvte n\u00e1s!<\/strong><\/p>\n<p><strong>Pom\u00f4\u017eeme V\u00e1m!<\/strong><\/p>\n<p>Ferticent Bratislava &#8211; asistovan\u00e1 reprodukcia, IVF centrum<\/p>\n<p>Ferticent Bratislava je IVF centrum rodinn\u00e9ho typu s trad\u00edciou od roku 2004. Konzult\u00e1cia bezplatne.<\/p>\n<p>objednan\u00ed pacienti<\/p>\n<p>pondelok &#8211; piatok: 7.00 &#8211; 15.00 hod.<\/p>\n<p>Sv. Vincenta 4<\/p>\n<p>821 03 Bratislava<\/p>\n<p>Tel.: +421 2 4363 1780<\/p>\n<p>Mobil: +421 911 246 863<\/p>\n<p>E-mail: <a href=\"mailto:reception@ferticent.com\">reception@ferticent.com<\/a><\/p>\n<p><a href=\"http:\/\/www.ferticent.com\/\">www.ferticent.com<\/a><\/p>\n<p>Sme zmluvn\u00fdm partnerom v\u0161etk\u00fdch zdravotn\u00fdch pois\u0165ovn\u00ed<\/p>\n<p>Nepotrebujete \u00a0odporu\u010denie od V\u00e1\u0161ho lek\u00e1ra, ale radi s n\u00edm budeme spolupracova\u0165<\/p>","protected":false},"excerpt":{"rendered":"<p>Nedar\u00ed sa V\u00e1m otehotnie\u0165? Nav\u0161t\u00edvte n\u00e1s! Pom\u00f4\u017eeme V\u00e1m! Ferticent Bratislava &#8211; asistovan\u00e1 reprodukcia, IVF centrum Ferticent Bratislava je IVF centrum rodinn\u00e9ho typu s trad\u00edciou od roku 2004. Konzult\u00e1cia bezplatne. objednan\u00ed pacienti pondelok &#8211; piatok: 7.00 &#8211; 15.00 hod. Sv. Vincenta 4 821 03 Bratislava Tel.: +421 2 4363 1780 Mobil: +421 911 246 863 E-mail: [&hellip;]<\/p>\n","protected":false},"author":1,"featured_media":0,"parent":0,"menu_order":0,"comment_status":"closed","ping_status":"open","template":"template-home.php","meta":[],"yoast_head":"<!-- This site is optimized with the Yoast SEO plugin v20.4 - https:\/\/yoast.com\/wordpress\/plugins\/seo\/ -->\n<title>Ferticent Bratislava - asistovan\u00e1 reprodukcia, IVF centrum<\/title>\n<meta name=\"description\" content=\"Ferticent Bratislava - asistovan\u00e1 reprodukcia. IVF centrum rodinn\u00e9ho typu s trad\u00edciou od roku 2004. Konzult\u00e1cia bezplatne.\" \/>\n<meta name=\"robots\" content=\"index, follow, max-snippet:-1, max-image-preview:large, max-video-preview:-1\" \/>\n<link rel=\"canonical\" href=\"https:\/\/ferticent.com\/\" \/>\n<meta property=\"og:locale\" content=\"de_DE\" \/>\n<meta property=\"og:type\" content=\"article\" \/>\n<meta property=\"og:title\" content=\"Ferticent Bratislava - asistovan\u00e1 reprodukcia, IVF centrum\" \/>\n<meta property=\"og:description\" content=\"Ferticent Bratislava - asistovan\u00e1 reprodukcia. IVF centrum rodinn\u00e9ho typu s trad\u00edciou od roku 2004. Konzult\u00e1cia bezplatne.\" \/>\n<meta property=\"og:url\" content=\"https:\/\/ferticent.com\/\" \/>\n<meta property=\"og:site_name\" content=\"Ferticent Bratislava\" \/>\n<meta property=\"article:publisher\" content=\"https:\/\/www.facebook.com\/ferticentbratislava\" \/>\n<meta property=\"article:modified_time\" content=\"2026-02-18T20:03:41+00:00\" \/>\n<meta property=\"og:image\" content=\"https:\/\/ferticent.com\/wp-content\/uploads\/2026\/02\/logo.png\" \/>\n\t<meta property=\"og:image:width\" content=\"158\" \/>\n\t<meta property=\"og:image:height\" content=\"50\" \/>\n\t<meta property=\"og:image:type\" content=\"image\/png\" \/>\n<meta name=\"twitter:card\" content=\"summary_large_image\" \/>\n<meta name=\"twitter:label1\" content=\"Gesch\u00e4tzte Lesezeit\" \/>\n\t<meta name=\"twitter:data1\" content=\"2 Minuten\" \/>\n<script type=\"application\/ld+json\" class=\"yoast-schema-graph\">{\"@context\":\"https:\/\/schema.org\",\"@graph\":[{\"@type\":\"WebPage\",\"@id\":\"https:\/\/ferticent.com\/\",\"url\":\"https:\/\/ferticent.com\/\",\"name\":\"Ferticent Bratislava - asistovan\u00e1 reprodukcia, IVF centrum\",\"isPartOf\":{\"@id\":\"https:\/\/ferticent.com\/#website\"},\"datePublished\":\"2017-05-19T16:15:42+00:00\",\"dateModified\":\"2026-02-18T20:03:41+00:00\",\"description\":\"Ferticent Bratislava - asistovan\u00e1 reprodukcia. IVF centrum rodinn\u00e9ho typu s trad\u00edciou od roku 2004. Konzult\u00e1cia bezplatne.\",\"breadcrumb\":{\"@id\":\"https:\/\/ferticent.com\/#breadcrumb\"},\"inLanguage\":\"de-DE\",\"potentialAction\":[{\"@type\":\"ReadAction\",\"target\":[\"https:\/\/ferticent.com\/\"]}]},{\"@type\":\"BreadcrumbList\",\"@id\":\"https:\/\/ferticent.com\/#breadcrumb\",\"itemListElement\":[{\"@type\":\"ListItem\",\"position\":1,\"name\":\"Domovsk\u00e1 str\u00e1nka\",\"item\":\"https:\/\/ferticent.com\/\"},{\"@type\":\"ListItem\",\"position\":2,\"name\":\"Ferticent Bratislava (EN)\"}]},{\"@type\":\"WebSite\",\"@id\":\"https:\/\/ferticent.com\/#website\",\"url\":\"https:\/\/ferticent.com\/\",\"name\":\"Ferticent Bratislava\",\"description\":\"Ferticent s.r.o. je Centrum Asistovanej Reprodukcie v Bratislave, p\u00f4sobiace od roku 2004.\",\"publisher\":{\"@id\":\"https:\/\/ferticent.com\/#organization\"},\"potentialAction\":[{\"@type\":\"SearchAction\",\"target\":{\"@type\":\"EntryPoint\",\"urlTemplate\":\"https:\/\/ferticent.com\/?s={search_term_string}\"},\"query-input\":\"required name=search_term_string\"}],\"inLanguage\":\"de-DE\"},{\"@type\":\"Organization\",\"@id\":\"https:\/\/ferticent.com\/#organization\",\"name\":\"Ferticent s.r.o.\",\"url\":\"https:\/\/ferticent.com\/\",\"logo\":{\"@type\":\"ImageObject\",\"inLanguage\":\"de-DE\",\"@id\":\"https:\/\/ferticent.com\/#\/schema\/logo\/image\/\",\"url\":\"https:\/\/ferticent.com\/wp-content\/uploads\/2026\/02\/cropped-logo-1-1.png\",\"contentUrl\":\"https:\/\/ferticent.com\/wp-content\/uploads\/2026\/02\/cropped-logo-1-1.png\",\"width\":150,\"height\":150,\"caption\":\"Ferticent s.r.o.\"},\"image\":{\"@id\":\"https:\/\/ferticent.com\/#\/schema\/logo\/image\/\"},\"sameAs\":[\"https:\/\/www.facebook.com\/ferticentbratislava\"]}]}<\/script>\n<!-- \/ Yoast SEO plugin. -->","yoast_head_json":{"title":"Ferticent Bratislava - asistovan\u00e1 reprodukcia, IVF centrum","description":"Ferticent Bratislava - asistovan\u00e1 reprodukcia. IVF centrum rodinn\u00e9ho typu s trad\u00edciou od roku 2004. Konzult\u00e1cia bezplatne.","robots":{"index":"index","follow":"follow","max-snippet":"max-snippet:-1","max-image-preview":"max-image-preview:large","max-video-preview":"max-video-preview:-1"},"canonical":"https:\/\/ferticent.com\/","og_locale":"de_DE","og_type":"article","og_title":"Ferticent Bratislava - asistovan\u00e1 reprodukcia, IVF centrum","og_description":"Ferticent Bratislava - asistovan\u00e1 reprodukcia. IVF centrum rodinn\u00e9ho typu s trad\u00edciou od roku 2004. Konzult\u00e1cia bezplatne.","og_url":"https:\/\/ferticent.com\/","og_site_name":"Ferticent Bratislava","article_publisher":"https:\/\/www.facebook.com\/ferticentbratislava","article_modified_time":"2026-02-18T20:03:41+00:00","og_image":[{"width":158,"height":50,"url":"https:\/\/ferticent.com\/wp-content\/uploads\/2026\/02\/logo.png","type":"image\/png"}],"twitter_card":"summary_large_image","twitter_misc":{"Gesch\u00e4tzte Lesezeit":"2 Minuten"},"schema":{"@context":"https:\/\/schema.org","@graph":[{"@type":"WebPage","@id":"https:\/\/ferticent.com\/","url":"https:\/\/ferticent.com\/","name":"Ferticent Bratislava - asistovan\u00e1 reprodukcia, IVF centrum","isPartOf":{"@id":"https:\/\/ferticent.com\/#website"},"datePublished":"2017-05-19T16:15:42+00:00","dateModified":"2026-02-18T20:03:41+00:00","description":"Ferticent Bratislava - asistovan\u00e1 reprodukcia. IVF centrum rodinn\u00e9ho typu s trad\u00edciou od roku 2004. Konzult\u00e1cia bezplatne.","breadcrumb":{"@id":"https:\/\/ferticent.com\/#breadcrumb"},"inLanguage":"de-DE","potentialAction":[{"@type":"ReadAction","target":["https:\/\/ferticent.com\/"]}]},{"@type":"BreadcrumbList","@id":"https:\/\/ferticent.com\/#breadcrumb","itemListElement":[{"@type":"ListItem","position":1,"name":"Domovsk\u00e1 str\u00e1nka","item":"https:\/\/ferticent.com\/"},{"@type":"ListItem","position":2,"name":"Ferticent Bratislava (EN)"}]},{"@type":"WebSite","@id":"https:\/\/ferticent.com\/#website","url":"https:\/\/ferticent.com\/","name":"Ferticent Bratislava","description":"Ferticent s.r.o. je Centrum Asistovanej Reprodukcie v Bratislave, p\u00f4sobiace od roku 2004.","publisher":{"@id":"https:\/\/ferticent.com\/#organization"},"potentialAction":[{"@type":"SearchAction","target":{"@type":"EntryPoint","urlTemplate":"https:\/\/ferticent.com\/?s={search_term_string}"},"query-input":"required name=search_term_string"}],"inLanguage":"de-DE"},{"@type":"Organization","@id":"https:\/\/ferticent.com\/#organization","name":"Ferticent s.r.o.","url":"https:\/\/ferticent.com\/","logo":{"@type":"ImageObject","inLanguage":"de-DE","@id":"https:\/\/ferticent.com\/#\/schema\/logo\/image\/","url":"https:\/\/ferticent.com\/wp-content\/uploads\/2026\/02\/cropped-logo-1-1.png","contentUrl":"https:\/\/ferticent.com\/wp-content\/uploads\/2026\/02\/cropped-logo-1-1.png","width":150,"height":150,"caption":"Ferticent s.r.o."},"image":{"@id":"https:\/\/ferticent.com\/#\/schema\/logo\/image\/"},"sameAs":["https:\/\/www.facebook.com\/ferticentbratislava"]}]}},"_links":{"self":[{"href":"https:\/\/ferticent.com\/de\/wp-json\/wp\/v2\/pages\/2"}],"collection":[{"href":"https:\/\/ferticent.com\/de\/wp-json\/wp\/v2\/pages"}],"about":[{"href":"https:\/\/ferticent.com\/de\/wp-json\/wp\/v2\/types\/page"}],"author":[{"embeddable":true,"href":"https:\/\/ferticent.com\/de\/wp-json\/wp\/v2\/users\/1"}],"replies":[{"embeddable":true,"href":"https:\/\/ferticent.com\/de\/wp-json\/wp\/v2\/comments?post=2"}],"version-history":[{"count":35,"href":"https:\/\/ferticent.com\/de\/wp-json\/wp\/v2\/pages\/2\/revisions"}],"predecessor-version":[{"id":2762,"href":"https:\/\/ferticent.com\/de\/wp-json\/wp\/v2\/pages\/2\/revisions\/2762"}],"wp:attachment":[{"href":"https:\/\/ferticent.com\/de\/wp-json\/wp\/v2\/media?parent=2"}],"curies":[{"name":"wp","href":"https:\/\/api.w.org\/{rel}","templated":true}]}}