{"id":1930,"date":"2018-06-11T22:04:24","date_gmt":"2018-06-11T20:04:24","guid":{"rendered":"http:\/\/www.ferticent.com\/cookie-policy\/"},"modified":"2018-06-12T11:12:28","modified_gmt":"2018-06-12T09:12:28","slug":"cookie-policy","status":"publish","type":"page","link":"https:\/\/ferticent.com\/hu\/cookie-policy\/","title":{"rendered":"Cookies ir\u00e1nyelv"},"content":{"rendered":"<p>Ez az oldal cookie-kat haszn\u00e1l \u2013 olyan kis sz\u00f6veges f\u00e1jlokat, amelyeket a g\u00e9p\u00e9re helyezett, hogy seg\u00edtsen az oldal jobb felhaszn\u00e1l\u00f3i \u00e9lm\u00e9nyt ny\u00fajtani. \u00c1ltal\u00e1ban a cookie-kat haszn\u00e1lj\u00e1k a felhaszn\u00e1l\u00f3i be\u00e1ll\u00edt\u00e1sok meg\u0151rz\u00e9s\u00e9re, az olyan adatok t\u00e1rol\u00e1s\u00e1ra, mint a bev\u00e1s\u00e1rl\u00f3kocsik, \u00e9s anonimiz\u00e1lt nyomon k\u00f6vet\u00e9si adatokat szolg\u00e1ltatnak harmadik f\u00e9lt\u0151l sz\u00e1rmaz\u00f3 alkalmaz\u00e1sokhoz, p\u00e9ld\u00e1ul a Google Analyticshez. \u00c1ltal\u00e1nos szab\u00e1lyk\u00e9nt a cookie-k jobb\u00e1 teszik a b\u00f6ng\u00e9sz\u00e9si \u00e9lm\u00e9nyt. Azonban el\u0151nyben r\u00e9szes\u00edtheti a cookie-k letilt\u00e1s\u00e1t ezen az oldalon \u00e9s m\u00e1sokon. Ennek leghat\u00e9konyabb m\u00f3dja a cookie-k letilt\u00e1sa a b\u00f6ng\u00e9sz\u0151ben. Javasoljuk, hogy konzult\u00e1ljon a b\u00f6ng\u00e9sz\u0151 S\u00fag\u00f3 r\u00e9sz\u00e9vel, vagy tekintse meg a About Cookies webhelyet, amely \u00fatmutat\u00e1st ny\u00fajt az \u00f6sszes modern b\u00f6ng\u00e9sz\u0151 sz\u00e1m\u00e1ra. <strong style=\"font-weight: bold;\"><a href=\"http:\/\/www.aboutcookies.org\">Tov\u00e1bbi &#8230;<\/a>; <\/strong><a href=\"http:\/\/www.ferticent.com\/privacy-policy\"><strong style=\"font-weight: bold;\">Adatv\u00e9delmi ir\u00e1nyelvek<\/strong><br \/>\n<\/a><\/p>","protected":false},"excerpt":{"rendered":"<p>Ez az oldal cookie-kat haszn\u00e1l \u2013 olyan kis sz\u00f6veges f\u00e1jlokat, amelyeket a g\u00e9p\u00e9re helyezett, hogy seg\u00edtsen az oldal jobb felhaszn\u00e1l\u00f3i \u00e9lm\u00e9nyt ny\u00fajtani. \u00c1ltal\u00e1ban a cookie-kat haszn\u00e1lj\u00e1k a felhaszn\u00e1l\u00f3i be\u00e1ll\u00edt\u00e1sok meg\u0151rz\u00e9s\u00e9re, az olyan adatok t\u00e1rol\u00e1s\u00e1ra, mint a bev\u00e1s\u00e1rl\u00f3kocsik, \u00e9s anonimiz\u00e1lt nyomon k\u00f6vet\u00e9si adatokat szolg\u00e1ltatnak harmadik f\u00e9lt\u0151l sz\u00e1rmaz\u00f3 alkalmaz\u00e1sokhoz, p\u00e9ld\u00e1ul a Google Analyticshez. \u00c1ltal\u00e1nos szab\u00e1lyk\u00e9nt a cookie-k [&hellip;]<\/p>\n","protected":false},"author":1,"featured_media":0,"parent":0,"menu_order":0,"comment_status":"closed","ping_status":"closed","template":"","meta":[],"yoast_head":"<!-- This site is optimized with the Yoast SEO plugin v20.4 - https:\/\/yoast.com\/wordpress\/plugins\/seo\/ -->\n<title>Cookies ir\u00e1nyelv - Ferticent Bratislava<\/title>\n<meta name=\"robots\" content=\"index, follow, max-snippet:-1, max-image-preview:large, max-video-preview:-1\" \/>\n<link rel=\"canonical\" href=\"https:\/\/ferticent.com\/cookie-policy\/\" \/>\n<meta property=\"og:locale\" content=\"hu_HU\" \/>\n<meta property=\"og:type\" content=\"article\" \/>\n<meta property=\"og:title\" content=\"[:sk]O s\u00faboroch Cookies[:de]Cookie-Richtlinie[:en]Cookie Policy[:hu]Cookies ir\u00e1nyelv[:] - Ferticent Bratislava\" \/>\n<meta property=\"og:description\" content=\"Ez az oldal cookie-kat haszn\u00e1l \u2013 olyan kis sz\u00f6veges f\u00e1jlokat, amelyeket a g\u00e9p\u00e9re helyezett, hogy seg\u00edtsen az oldal jobb felhaszn\u00e1l\u00f3i \u00e9lm\u00e9nyt ny\u00fajtani. \u00c1ltal\u00e1ban a cookie-kat haszn\u00e1lj\u00e1k a felhaszn\u00e1l\u00f3i be\u00e1ll\u00edt\u00e1sok meg\u0151rz\u00e9s\u00e9re, az olyan adatok t\u00e1rol\u00e1s\u00e1ra, mint a bev\u00e1s\u00e1rl\u00f3kocsik, \u00e9s anonimiz\u00e1lt nyomon k\u00f6vet\u00e9si adatokat szolg\u00e1ltatnak harmadik f\u00e9lt\u0151l sz\u00e1rmaz\u00f3 alkalmaz\u00e1sokhoz, p\u00e9ld\u00e1ul a Google Analyticshez. \u00c1ltal\u00e1nos szab\u00e1lyk\u00e9nt a cookie-k [&hellip;]\" \/>\n<meta property=\"og:url\" content=\"https:\/\/ferticent.com\/cookie-policy\/\" \/>\n<meta property=\"og:site_name\" content=\"Ferticent Bratislava\" \/>\n<meta property=\"article:publisher\" content=\"https:\/\/www.facebook.com\/ferticentbratislava\" \/>\n<meta property=\"article:modified_time\" content=\"2018-06-12T09:12:28+00:00\" \/>\n<meta property=\"og:image\" content=\"https:\/\/ferticent.com\/wp-content\/uploads\/2026\/02\/logo.png\" \/>\n\t<meta property=\"og:image:width\" content=\"158\" \/>\n\t<meta property=\"og:image:height\" content=\"50\" \/>\n\t<meta property=\"og:image:type\" content=\"image\/png\" \/>\n<meta name=\"twitter:card\" content=\"summary_large_image\" \/>\n<meta name=\"twitter:label1\" content=\"Becs\u00fclt olvas\u00e1si id\u0151\" \/>\n\t<meta name=\"twitter:data1\" content=\"3 perc\" \/>\n<script type=\"application\/ld+json\" class=\"yoast-schema-graph\">{\"@context\":\"https:\/\/schema.org\",\"@graph\":[{\"@type\":\"WebPage\",\"@id\":\"https:\/\/ferticent.com\/cookie-policy\/\",\"url\":\"https:\/\/ferticent.com\/cookie-policy\/\",\"name\":\"[:sk]O s\u00faboroch Cookies[:de]Cookie-Richtlinie[:en]Cookie Policy[:hu]Cookies ir\u00e1nyelv[:] - Ferticent Bratislava\",\"isPartOf\":{\"@id\":\"https:\/\/ferticent.com\/#website\"},\"datePublished\":\"2018-06-11T20:04:24+00:00\",\"dateModified\":\"2018-06-12T09:12:28+00:00\",\"breadcrumb\":{\"@id\":\"https:\/\/ferticent.com\/cookie-policy\/#breadcrumb\"},\"inLanguage\":\"hu\",\"potentialAction\":[{\"@type\":\"ReadAction\",\"target\":[\"https:\/\/ferticent.com\/cookie-policy\/\"]}]},{\"@type\":\"BreadcrumbList\",\"@id\":\"https:\/\/ferticent.com\/cookie-policy\/#breadcrumb\",\"itemListElement\":[{\"@type\":\"ListItem\",\"position\":1,\"name\":\"Domovsk\u00e1 str\u00e1nka\",\"item\":\"https:\/\/ferticent.com\/\"},{\"@type\":\"ListItem\",\"position\":2,\"name\":\"O s\u00faboroch Cookies\"}]},{\"@type\":\"WebSite\",\"@id\":\"https:\/\/ferticent.com\/#website\",\"url\":\"https:\/\/ferticent.com\/\",\"name\":\"Ferticent Bratislava\",\"description\":\"Ferticent s.r.o. je Centrum Asistovanej Reprodukcie v Bratislave, p\u00f4sobiace od roku 2004.\",\"publisher\":{\"@id\":\"https:\/\/ferticent.com\/#organization\"},\"potentialAction\":[{\"@type\":\"SearchAction\",\"target\":{\"@type\":\"EntryPoint\",\"urlTemplate\":\"https:\/\/ferticent.com\/?s={search_term_string}\"},\"query-input\":\"required name=search_term_string\"}],\"inLanguage\":\"hu\"},{\"@type\":\"Organization\",\"@id\":\"https:\/\/ferticent.com\/#organization\",\"name\":\"Ferticent s.r.o.\",\"url\":\"https:\/\/ferticent.com\/\",\"logo\":{\"@type\":\"ImageObject\",\"inLanguage\":\"hu\",\"@id\":\"https:\/\/ferticent.com\/#\/schema\/logo\/image\/\",\"url\":\"https:\/\/ferticent.com\/wp-content\/uploads\/2026\/02\/cropped-logo-1-1.png\",\"contentUrl\":\"https:\/\/ferticent.com\/wp-content\/uploads\/2026\/02\/cropped-logo-1-1.png\",\"width\":150,\"height\":150,\"caption\":\"Ferticent s.r.o.\"},\"image\":{\"@id\":\"https:\/\/ferticent.com\/#\/schema\/logo\/image\/\"},\"sameAs\":[\"https:\/\/www.facebook.com\/ferticentbratislava\"]}]}<\/script>\n<!-- \/ Yoast SEO plugin. -->","yoast_head_json":{"title":"[:sk]O s\u00faboroch Cookies[:de]Cookie-Richtlinie[:en]Cookie Policy[:hu]Cookies ir\u00e1nyelv[:] - Ferticent Bratislava","robots":{"index":"index","follow":"follow","max-snippet":"max-snippet:-1","max-image-preview":"max-image-preview:large","max-video-preview":"max-video-preview:-1"},"canonical":"https:\/\/ferticent.com\/cookie-policy\/","og_locale":"hu_HU","og_type":"article","og_title":"[:sk]O s\u00faboroch Cookies[:de]Cookie-Richtlinie[:en]Cookie Policy[:hu]Cookies ir\u00e1nyelv[:] - Ferticent Bratislava","og_description":"Ez az oldal cookie-kat haszn\u00e1l \u2013 olyan kis sz\u00f6veges f\u00e1jlokat, amelyeket a g\u00e9p\u00e9re helyezett, hogy seg\u00edtsen az oldal jobb felhaszn\u00e1l\u00f3i \u00e9lm\u00e9nyt ny\u00fajtani. \u00c1ltal\u00e1ban a cookie-kat haszn\u00e1lj\u00e1k a felhaszn\u00e1l\u00f3i be\u00e1ll\u00edt\u00e1sok meg\u0151rz\u00e9s\u00e9re, az olyan adatok t\u00e1rol\u00e1s\u00e1ra, mint a bev\u00e1s\u00e1rl\u00f3kocsik, \u00e9s anonimiz\u00e1lt nyomon k\u00f6vet\u00e9si adatokat szolg\u00e1ltatnak harmadik f\u00e9lt\u0151l sz\u00e1rmaz\u00f3 alkalmaz\u00e1sokhoz, p\u00e9ld\u00e1ul a Google Analyticshez. \u00c1ltal\u00e1nos szab\u00e1lyk\u00e9nt a cookie-k [&hellip;]","og_url":"https:\/\/ferticent.com\/cookie-policy\/","og_site_name":"Ferticent Bratislava","article_publisher":"https:\/\/www.facebook.com\/ferticentbratislava","article_modified_time":"2018-06-12T09:12:28+00:00","og_image":[{"width":158,"height":50,"url":"https:\/\/ferticent.com\/wp-content\/uploads\/2026\/02\/logo.png","type":"image\/png"}],"twitter_card":"summary_large_image","twitter_misc":{"Becs\u00fclt olvas\u00e1si id\u0151":"3 perc"},"schema":{"@context":"https:\/\/schema.org","@graph":[{"@type":"WebPage","@id":"https:\/\/ferticent.com\/cookie-policy\/","url":"https:\/\/ferticent.com\/cookie-policy\/","name":"[:sk]O s\u00faboroch Cookies[:de]Cookie-Richtlinie[:en]Cookie Policy[:hu]Cookies ir\u00e1nyelv[:] - Ferticent Bratislava","isPartOf":{"@id":"https:\/\/ferticent.com\/#website"},"datePublished":"2018-06-11T20:04:24+00:00","dateModified":"2018-06-12T09:12:28+00:00","breadcrumb":{"@id":"https:\/\/ferticent.com\/cookie-policy\/#breadcrumb"},"inLanguage":"hu","potentialAction":[{"@type":"ReadAction","target":["https:\/\/ferticent.com\/cookie-policy\/"]}]},{"@type":"BreadcrumbList","@id":"https:\/\/ferticent.com\/cookie-policy\/#breadcrumb","itemListElement":[{"@type":"ListItem","position":1,"name":"Domovsk\u00e1 str\u00e1nka","item":"https:\/\/ferticent.com\/"},{"@type":"ListItem","position":2,"name":"O s\u00faboroch Cookies"}]},{"@type":"WebSite","@id":"https:\/\/ferticent.com\/#website","url":"https:\/\/ferticent.com\/","name":"Ferticent Bratislava","description":"Ferticent s.r.o. je Centrum Asistovanej Reprodukcie v Bratislave, p\u00f4sobiace od roku 2004.","publisher":{"@id":"https:\/\/ferticent.com\/#organization"},"potentialAction":[{"@type":"SearchAction","target":{"@type":"EntryPoint","urlTemplate":"https:\/\/ferticent.com\/?s={search_term_string}"},"query-input":"required name=search_term_string"}],"inLanguage":"hu"},{"@type":"Organization","@id":"https:\/\/ferticent.com\/#organization","name":"Ferticent s.r.o.","url":"https:\/\/ferticent.com\/","logo":{"@type":"ImageObject","inLanguage":"hu","@id":"https:\/\/ferticent.com\/#\/schema\/logo\/image\/","url":"https:\/\/ferticent.com\/wp-content\/uploads\/2026\/02\/cropped-logo-1-1.png","contentUrl":"https:\/\/ferticent.com\/wp-content\/uploads\/2026\/02\/cropped-logo-1-1.png","width":150,"height":150,"caption":"Ferticent s.r.o."},"image":{"@id":"https:\/\/ferticent.com\/#\/schema\/logo\/image\/"},"sameAs":["https:\/\/www.facebook.com\/ferticentbratislava"]}]}},"_links":{"self":[{"href":"https:\/\/ferticent.com\/hu\/wp-json\/wp\/v2\/pages\/1930"}],"collection":[{"href":"https:\/\/ferticent.com\/hu\/wp-json\/wp\/v2\/pages"}],"about":[{"href":"https:\/\/ferticent.com\/hu\/wp-json\/wp\/v2\/types\/page"}],"author":[{"embeddable":true,"href":"https:\/\/ferticent.com\/hu\/wp-json\/wp\/v2\/users\/1"}],"replies":[{"embeddable":true,"href":"https:\/\/ferticent.com\/hu\/wp-json\/wp\/v2\/comments?post=1930"}],"version-history":[{"count":16,"href":"https:\/\/ferticent.com\/hu\/wp-json\/wp\/v2\/pages\/1930\/revisions"}],"predecessor-version":[{"id":1971,"href":"https:\/\/ferticent.com\/hu\/wp-json\/wp\/v2\/pages\/1930\/revisions\/1971"}],"wp:attachment":[{"href":"https:\/\/ferticent.com\/hu\/wp-json\/wp\/v2\/media?parent=1930"}],"curies":[{"name":"wp","href":"https:\/\/api.w.org\/{rel}","templated":true}]}}