{"id":2,"date":"2017-05-19T16:15:42","date_gmt":"2017-05-19T16:15:42","guid":{"rendered":"http:\/\/ferticent.forma.sk\/?page_id=2"},"modified":"2026-02-18T22:03:41","modified_gmt":"2026-02-18T20:03:41","slug":"asistovana-reprodukcia","status":"publish","type":"page","link":"https:\/\/ferticent.com\/it\/","title":{"rendered":"(Sloven\u010dina) Ferticent Bratislava"},"content":{"rendered":"<p class=\"qtranxs-available-languages-message qtranxs-available-languages-message-it\">Ci spiace, ma questo articolo \u00e8 disponibile soltanto in <a href=\"https:\/\/ferticent.com\/sk\/wp-json\/wp\/v2\/pages\/2\" class=\"qtranxs-available-language-link qtranxs-available-language-link-sk\" title=\"Sloven\u010dina\">Slovacco<\/a>, <a href=\"https:\/\/ferticent.com\/de\/wp-json\/wp\/v2\/pages\/2\" class=\"qtranxs-available-language-link qtranxs-available-language-link-de\" title=\"Deutsch\">Tedesco<\/a>, <a href=\"https:\/\/ferticent.com\/en\/wp-json\/wp\/v2\/pages\/2\" class=\"qtranxs-available-language-link qtranxs-available-language-link-en\" title=\"English\">Inglese Americano<\/a> e <a href=\"https:\/\/ferticent.com\/hu\/wp-json\/wp\/v2\/pages\/2\" class=\"qtranxs-available-language-link qtranxs-available-language-link-hu\" title=\"Magyar\">Ungherese<\/a>.<\/p>","protected":false},"excerpt":{"rendered":"<p>Ci spiace, ma questo articolo \u00e8 disponibile soltanto in Slovacco, Tedesco, Inglese Americano e Ungherese.<\/p>\n","protected":false},"author":1,"featured_media":0,"parent":0,"menu_order":0,"comment_status":"closed","ping_status":"open","template":"template-home.php","meta":[],"yoast_head":"<!-- This site is optimized with the Yoast SEO plugin v20.4 - https:\/\/yoast.com\/wordpress\/plugins\/seo\/ -->\n<title>Ferticent Bratislava - asistovan\u00e1 reprodukcia, IVF centrum<\/title>\n<meta name=\"description\" content=\"Ferticent Bratislava - asistovan\u00e1 reprodukcia. IVF centrum rodinn\u00e9ho typu s trad\u00edciou od roku 2004. Konzult\u00e1cia bezplatne.\" \/>\n<meta name=\"robots\" content=\"index, follow, max-snippet:-1, max-image-preview:large, max-video-preview:-1\" \/>\n<link rel=\"canonical\" href=\"https:\/\/ferticent.com\/\" \/>\n<meta property=\"og:locale\" content=\"it_IT\" \/>\n<meta property=\"og:type\" content=\"article\" \/>\n<meta property=\"og:title\" content=\"Ferticent Bratislava - asistovan\u00e1 reprodukcia, IVF centrum\" \/>\n<meta property=\"og:description\" content=\"Ferticent Bratislava - asistovan\u00e1 reprodukcia. IVF centrum rodinn\u00e9ho typu s trad\u00edciou od roku 2004. Konzult\u00e1cia bezplatne.\" \/>\n<meta property=\"og:url\" content=\"https:\/\/ferticent.com\/\" \/>\n<meta property=\"og:site_name\" content=\"Ferticent Bratislava\" \/>\n<meta property=\"article:publisher\" content=\"https:\/\/www.facebook.com\/ferticentbratislava\" \/>\n<meta property=\"article:modified_time\" content=\"2026-02-18T20:03:41+00:00\" \/>\n<meta property=\"og:image\" content=\"https:\/\/ferticent.com\/wp-content\/uploads\/2026\/02\/logo.png\" \/>\n\t<meta property=\"og:image:width\" content=\"158\" \/>\n\t<meta property=\"og:image:height\" content=\"50\" \/>\n\t<meta property=\"og:image:type\" content=\"image\/png\" \/>\n<meta name=\"twitter:card\" content=\"summary_large_image\" \/>\n<meta name=\"twitter:label1\" content=\"Est. reading time\" \/>\n\t<meta name=\"twitter:data1\" content=\"2 minutes\" \/>\n<script type=\"application\/ld+json\" class=\"yoast-schema-graph\">{\"@context\":\"https:\/\/schema.org\",\"@graph\":[{\"@type\":\"WebPage\",\"@id\":\"https:\/\/ferticent.com\/\",\"url\":\"https:\/\/ferticent.com\/\",\"name\":\"Ferticent Bratislava - asistovan\u00e1 reprodukcia, IVF centrum\",\"isPartOf\":{\"@id\":\"https:\/\/ferticent.com\/#website\"},\"datePublished\":\"2017-05-19T16:15:42+00:00\",\"dateModified\":\"2026-02-18T20:03:41+00:00\",\"description\":\"Ferticent Bratislava - asistovan\u00e1 reprodukcia. IVF centrum rodinn\u00e9ho typu s trad\u00edciou od roku 2004. Konzult\u00e1cia bezplatne.\",\"breadcrumb\":{\"@id\":\"https:\/\/ferticent.com\/#breadcrumb\"},\"inLanguage\":\"it-IT\",\"potentialAction\":[{\"@type\":\"ReadAction\",\"target\":[\"https:\/\/ferticent.com\/\"]}]},{\"@type\":\"BreadcrumbList\",\"@id\":\"https:\/\/ferticent.com\/#breadcrumb\",\"itemListElement\":[{\"@type\":\"ListItem\",\"position\":1,\"name\":\"Domovsk\u00e1 str\u00e1nka\",\"item\":\"https:\/\/ferticent.com\/\"},{\"@type\":\"ListItem\",\"position\":2,\"name\":\"Ferticent Bratislava (EN)\"}]},{\"@type\":\"WebSite\",\"@id\":\"https:\/\/ferticent.com\/#website\",\"url\":\"https:\/\/ferticent.com\/\",\"name\":\"Ferticent Bratislava\",\"description\":\"Ferticent s.r.o. je Centrum Asistovanej Reprodukcie v Bratislave, p\u00f4sobiace od roku 2004.\",\"publisher\":{\"@id\":\"https:\/\/ferticent.com\/#organization\"},\"potentialAction\":[{\"@type\":\"SearchAction\",\"target\":{\"@type\":\"EntryPoint\",\"urlTemplate\":\"https:\/\/ferticent.com\/?s={search_term_string}\"},\"query-input\":\"required name=search_term_string\"}],\"inLanguage\":\"it-IT\"},{\"@type\":\"Organization\",\"@id\":\"https:\/\/ferticent.com\/#organization\",\"name\":\"Ferticent s.r.o.\",\"url\":\"https:\/\/ferticent.com\/\",\"logo\":{\"@type\":\"ImageObject\",\"inLanguage\":\"it-IT\",\"@id\":\"https:\/\/ferticent.com\/#\/schema\/logo\/image\/\",\"url\":\"https:\/\/ferticent.com\/wp-content\/uploads\/2026\/02\/cropped-logo-1-1.png\",\"contentUrl\":\"https:\/\/ferticent.com\/wp-content\/uploads\/2026\/02\/cropped-logo-1-1.png\",\"width\":150,\"height\":150,\"caption\":\"Ferticent s.r.o.\"},\"image\":{\"@id\":\"https:\/\/ferticent.com\/#\/schema\/logo\/image\/\"},\"sameAs\":[\"https:\/\/www.facebook.com\/ferticentbratislava\"]}]}<\/script>\n<!-- \/ Yoast SEO plugin. -->","yoast_head_json":{"title":"Ferticent Bratislava - asistovan\u00e1 reprodukcia, IVF centrum","description":"Ferticent Bratislava - asistovan\u00e1 reprodukcia. IVF centrum rodinn\u00e9ho typu s trad\u00edciou od roku 2004. Konzult\u00e1cia bezplatne.","robots":{"index":"index","follow":"follow","max-snippet":"max-snippet:-1","max-image-preview":"max-image-preview:large","max-video-preview":"max-video-preview:-1"},"canonical":"https:\/\/ferticent.com\/","og_locale":"it_IT","og_type":"article","og_title":"Ferticent Bratislava - asistovan\u00e1 reprodukcia, IVF centrum","og_description":"Ferticent Bratislava - asistovan\u00e1 reprodukcia. IVF centrum rodinn\u00e9ho typu s trad\u00edciou od roku 2004. Konzult\u00e1cia bezplatne.","og_url":"https:\/\/ferticent.com\/","og_site_name":"Ferticent Bratislava","article_publisher":"https:\/\/www.facebook.com\/ferticentbratislava","article_modified_time":"2026-02-18T20:03:41+00:00","og_image":[{"width":158,"height":50,"url":"https:\/\/ferticent.com\/wp-content\/uploads\/2026\/02\/logo.png","type":"image\/png"}],"twitter_card":"summary_large_image","twitter_misc":{"Est. reading time":"2 minutes"},"schema":{"@context":"https:\/\/schema.org","@graph":[{"@type":"WebPage","@id":"https:\/\/ferticent.com\/","url":"https:\/\/ferticent.com\/","name":"Ferticent Bratislava - asistovan\u00e1 reprodukcia, IVF centrum","isPartOf":{"@id":"https:\/\/ferticent.com\/#website"},"datePublished":"2017-05-19T16:15:42+00:00","dateModified":"2026-02-18T20:03:41+00:00","description":"Ferticent Bratislava - asistovan\u00e1 reprodukcia. IVF centrum rodinn\u00e9ho typu s trad\u00edciou od roku 2004. Konzult\u00e1cia bezplatne.","breadcrumb":{"@id":"https:\/\/ferticent.com\/#breadcrumb"},"inLanguage":"it-IT","potentialAction":[{"@type":"ReadAction","target":["https:\/\/ferticent.com\/"]}]},{"@type":"BreadcrumbList","@id":"https:\/\/ferticent.com\/#breadcrumb","itemListElement":[{"@type":"ListItem","position":1,"name":"Domovsk\u00e1 str\u00e1nka","item":"https:\/\/ferticent.com\/"},{"@type":"ListItem","position":2,"name":"Ferticent Bratislava (EN)"}]},{"@type":"WebSite","@id":"https:\/\/ferticent.com\/#website","url":"https:\/\/ferticent.com\/","name":"Ferticent Bratislava","description":"Ferticent s.r.o. je Centrum Asistovanej Reprodukcie v Bratislave, p\u00f4sobiace od roku 2004.","publisher":{"@id":"https:\/\/ferticent.com\/#organization"},"potentialAction":[{"@type":"SearchAction","target":{"@type":"EntryPoint","urlTemplate":"https:\/\/ferticent.com\/?s={search_term_string}"},"query-input":"required name=search_term_string"}],"inLanguage":"it-IT"},{"@type":"Organization","@id":"https:\/\/ferticent.com\/#organization","name":"Ferticent s.r.o.","url":"https:\/\/ferticent.com\/","logo":{"@type":"ImageObject","inLanguage":"it-IT","@id":"https:\/\/ferticent.com\/#\/schema\/logo\/image\/","url":"https:\/\/ferticent.com\/wp-content\/uploads\/2026\/02\/cropped-logo-1-1.png","contentUrl":"https:\/\/ferticent.com\/wp-content\/uploads\/2026\/02\/cropped-logo-1-1.png","width":150,"height":150,"caption":"Ferticent s.r.o."},"image":{"@id":"https:\/\/ferticent.com\/#\/schema\/logo\/image\/"},"sameAs":["https:\/\/www.facebook.com\/ferticentbratislava"]}]}},"_links":{"self":[{"href":"https:\/\/ferticent.com\/it\/wp-json\/wp\/v2\/pages\/2"}],"collection":[{"href":"https:\/\/ferticent.com\/it\/wp-json\/wp\/v2\/pages"}],"about":[{"href":"https:\/\/ferticent.com\/it\/wp-json\/wp\/v2\/types\/page"}],"author":[{"embeddable":true,"href":"https:\/\/ferticent.com\/it\/wp-json\/wp\/v2\/users\/1"}],"replies":[{"embeddable":true,"href":"https:\/\/ferticent.com\/it\/wp-json\/wp\/v2\/comments?post=2"}],"version-history":[{"count":35,"href":"https:\/\/ferticent.com\/it\/wp-json\/wp\/v2\/pages\/2\/revisions"}],"predecessor-version":[{"id":2762,"href":"https:\/\/ferticent.com\/it\/wp-json\/wp\/v2\/pages\/2\/revisions\/2762"}],"wp:attachment":[{"href":"https:\/\/ferticent.com\/it\/wp-json\/wp\/v2\/media?parent=2"}],"curies":[{"name":"wp","href":"https:\/\/api.w.org\/{rel}","templated":true}]}}